{"id":818,"date":"2020-04-17T18:15:45","date_gmt":"2020-04-17T18:15:45","guid":{"rendered":"http:\/\/www.surabayaparrucchieri.it\/?post_type=product&#038;p=818"},"modified":"2022-10-12T14:01:02","modified_gmt":"2022-10-12T14:01:02","slug":"joico-blonde-life-brilliant-glow","status":"publish","type":"product","link":"https:\/\/www.surabayaparrucchieri.it\/?product=joico-blonde-life-brilliant-glow","title":{"rendered":"JOICO BLONDE LIFE BRILLIANT GLOW"},"content":{"rendered":"<div class=\"vc_row wpb_row vc_row-fluid vc_custom_1537398269018\">\n<div class=\"wpb_column vc_column_container vc_col-sm-4\">\n<div class=\"vc_column-inner vc_custom_1518458586750\">\n<div class=\"wpb_wrapper\">\n<div class=\"wpb_text_column wpb_content_element cesis_text_transform_none vc_custom_1554936255009\">\n<div class=\"wpb_wrapper\">\n<p><strong><em>Olio illuminante anticrespo&nbsp;<\/em><\/strong><\/p>\n<p><span style=\"font-size: 1rem;\">Rende i capelli biondi pi\u00f9 luminosi che mai<\/span><\/p>\n<\/div>\n<\/div>\n<div class=\"cesis_icon_list cesis_il_1 \" data-delay=\"0\">\n<div class=\"cesis_single_list \" data-delay=\"0\">\n<div class=\"cesis_icon_list_ctn\">\n<p>&nbsp;<\/p>\n<p class=\"cesis_list_text main_font\">L&#8217; effetto Shine \u00e8 moltiplicato per un&#8217;illuminazione straordinaria<\/p>\n<\/div>\n<\/div>\n<\/div>\n<\/div>\n<\/div>\n<\/div>\n<div class=\"wpb_column vc_column_container vc_col-sm-4\">\n<div class=\"vc_column-inner vc_custom_1518458581548\">\n<div class=\"wpb_wrapper\">\n<div class=\"cesis_icon_list cesis_il_1 \" data-delay=\"0\">\n<div class=\"cesis_single_list \" data-delay=\"0\">\n<div class=\"cesis_icon_list_ctn\">\n<p class=\"cesis_list_text main_font\">Non macchia nemmeno le pi\u00f9 pallide tonalit\u00e0 del biondo<\/p>\n<\/div>\n<\/div>\n<div class=\"cesis_single_list \" data-delay=\"0\">\n<div class=\"cesis_icon_list_ctn\">\n<p class=\"cesis_list_text main_font\">Gli ingredienti leviganti combattono l&#8217;effetto crespo<\/p>\n<\/div>\n<\/div>\n<div class=\"cesis_single_list \" data-delay=\"0\">\n<div class=\"cesis_icon_list_ctn\">\n<p class=\"cesis_list_text main_font\">I capelli diventano immediatamente setosi e morbidi al tatto<\/p>\n<\/div>\n<\/div>\n<div class=\"cesis_single_list \" data-delay=\"0\">\n<div class=\"cesis_icon_list_ctn\">\n<p class=\"cesis_list_text main_font\">Oli esotici idratano i capelli con idratazione nutriente<\/p>\n<\/div>\n<\/div>\n<div class=\"cesis_single_list \" data-delay=\"0\">\n<div class=\"cesis_icon_list_ctn\">\n<p class=\"cesis_list_text main_font\">Fornisce l&#8217;87% in meno di rottura dei capelli&nbsp;<\/p>\n<div class=\"wpb_column vc_column_container vc_col-sm-4\">\n<div class=\"vc_column-inner vc_custom_1579639017032\">\n<div class=\"wpb_wrapper\">\n<div class=\"cesis_icon_list cesis_il_1 \" data-delay=\"0\">\n<div class=\"cesis_single_list \" data-delay=\"0\">\n<div class=\"cesis_icon_list_ctn\">\n<div class=\"cesis_single_list \" data-delay=\"0\">\n<div class=\"cesis_icon_list_ctn\">\n<h4 class=\"cesis_list_heading alt_font \">TECNOLOGIA SMARTRELEASE<\/h4>\n<p>Sistema unico di rilascio controllato di liposomi&nbsp; in grado di rilasciare 3 sostanze vitali per i capelli : arginina, olio di monoi e olio di tamanu.<\/p>\n<p class=\"cesis_list_text main_font\"><span style=\"font-size: 1rem; font-weight: 800;\">ARGININE<\/span><\/p>\n<\/div>\n<\/div>\n<div class=\"cesis_single_list \" data-delay=\"0\">\n<div class=\"cesis_icon_list_ctn\">\n<p class=\"cesis_list_text main_font\">Un aminoacido presente in natura cruciale per la forza dei capelli.&nbsp;I prodotti che includono l&#8217;arginina aiutano a proteggere i capelli e a ricostruirli dall&#8217;interno.<\/p>\n<\/div>\n<\/div>\n<div class=\"cesis_single_list \" data-delay=\"0\">\n<div class=\"cesis_icon_list_ctn\">\n<p>&nbsp;<\/p>\n<h4 class=\"cesis_list_heading alt_font \">OLIO DI MONOI<\/h4>\n<p class=\"cesis_list_text main_font\">Una rara miscela esotica di olio di cocco e Tahitian Gardenia Flower, aiuta a combattere l&#8217;effetto crespo e aumenta la lucentezza, aiutando anche a proteggere i capelli dai danni ambientali.<\/p>\n<\/div>\n<\/div>\n<div class=\"cesis_single_list \" data-delay=\"0\">\n<div class=\"cesis_icon_list_ctn\">\n<p>&nbsp;<\/p>\n<h4 class=\"cesis_list_heading alt_font \">OLIO DI TAMANU<\/h4>\n<p class=\"cesis_list_text main_font\">Un ricco assorbitore UV del sud-est asiatico ricco di Omega-6 e -9 fortificanti, aiuta a idratare in profondit\u00e0 i capelli, aumentare la lucentezza e a prevenire la rottura dei capelli.<\/p>\n<\/div>\n<\/div>\n<\/div>\n<\/div>\n<\/div>\n<\/div>\n<\/div>\n<\/div>\n<div class=\"wpb_column vc_column_container vc_col-sm-8\">\n<div class=\"vc_column-inner \">\n<div class=\"wpb_wrapper\">\n<div class=\"wpb_video_widget wpb_content_element vc_clearfix vc_video-aspect-ratio-169 vc_video-el-width-100 vc_video-align-left\">\n<div class=\"wpb_wrapper\">&nbsp;<\/div>\n<\/div>\n<\/div>\n<\/div>\n<\/div>\n<\/div>\n<\/div>\n<\/div>\n<\/div>\n<\/div>\n<\/div>\n<div class=\"tt-shape tt-shape-top \" data-negative=\"false\">&nbsp;<\/div>\n<div class=\"tt-shape tt-shape-bottom \" data-negative=\"false\">&nbsp;<\/div>\n<\/div>\n<div class=\"vc_row wpb_row vc_row-fluid vc_custom_1537398351804 vc_row-has-fill\" data-vc-full-width=\"true\" data-vc-full-width-init=\"true\">\n<div class=\"wpb_column vc_column_container vc_col-sm-4\">\n<div class=\"vc_column-inner vc_custom_1518458592921\">\n<div class=\"wpb_wrapper\">\n<div class=\"wpb_text_column wpb_content_element cesis_text_transform_none vc_custom_1547085933917\">\n<div class=\"wpb_wrapper\">&nbsp;<\/div>\n<\/div>\n<\/div>\n<\/div>\n<\/div>\n<\/div>\n","protected":false},"excerpt":{"rendered":"<div class=\"wpb_text_column wpb_content_element cesis_text_transform_none vc_custom_1554936255009\">\n<div class=\"wpb_wrapper\">\n<p>&nbsp;<\/p>\n<\/div>\n<\/div>\n<div class=\"cesis_icon_list cesis_il_1 \" data-delay=\"0\">\n<div class=\"cesis_single_list \" data-delay=\"0\">\n<div class=\"cesis_icon_list_ctn\">\n<p>&nbsp;<\/p>\n<\/div>\n<\/div>\n<\/div>\n","protected":false},"featured_media":819,"comment_status":"open","ping_status":"closed","template":"","meta":[],"product_cat":[39],"product_tag":[38,40,23,41],"yoast_head":"<!-- This site is optimized with the Yoast SEO plugin v20.5 - https:\/\/yoast.com\/wordpress\/plugins\/seo\/ -->\n<title>JOICO BLONDE LIFE BRILLIANT GLOW - Surabaya parrucchieri Seregno<\/title>\n<meta name=\"description\" content=\"Olio illuminante anticrespo\u00a0, rende i capelli biondi pi\u00f9 luminosi che mai , non macchia nemmeno le pi\u00f9 pallide tonalit\u00e0 del biondo\" \/>\n<meta name=\"robots\" content=\"index, follow, max-snippet:-1, max-image-preview:large, max-video-preview:-1\" \/>\n<link rel=\"canonical\" href=\"https:\/\/www.surabayaparrucchieri.it\/?product=joico-blonde-life-brilliant-glow\" \/>\n<meta property=\"og:locale\" content=\"it_IT\" \/>\n<meta property=\"og:type\" content=\"article\" \/>\n<meta property=\"og:title\" content=\"JOICO BLONDE LIFE BRILLIANT GLOW - Surabaya parrucchieri Seregno\" \/>\n<meta property=\"og:description\" content=\"Olio illuminante anticrespo\u00a0, rende i capelli biondi pi\u00f9 luminosi che mai , non macchia nemmeno le pi\u00f9 pallide tonalit\u00e0 del biondo\" \/>\n<meta property=\"og:url\" content=\"https:\/\/www.surabayaparrucchieri.it\/?product=joico-blonde-life-brilliant-glow\" \/>\n<meta property=\"og:site_name\" content=\"Surabaya parrucchieri Seregno\" \/>\n<meta property=\"article:publisher\" content=\"https:\/\/www.facebook.com\/surabayaparrucchieriseregno\/\" \/>\n<meta property=\"article:modified_time\" content=\"2022-10-12T14:01:02+00:00\" \/>\n<meta property=\"og:image\" content=\"https:\/\/www.surabayaparrucchieri.it\/wp-content\/uploads\/2020\/04\/IMG_2683.jpg\" \/>\n\t<meta property=\"og:image:width\" content=\"576\" \/>\n\t<meta property=\"og:image:height\" content=\"768\" \/>\n\t<meta property=\"og:image:type\" content=\"image\/jpeg\" \/>\n<meta name=\"twitter:card\" content=\"summary_large_image\" \/>\n<meta name=\"twitter:label1\" content=\"Tempo di lettura stimato\" \/>\n\t<meta name=\"twitter:data1\" content=\"1 minuto\" \/>\n<script type=\"application\/ld+json\" class=\"yoast-schema-graph\">{\"@context\":\"https:\/\/schema.org\",\"@graph\":[{\"@type\":\"WebPage\",\"@id\":\"https:\/\/www.surabayaparrucchieri.it\/?product=joico-blonde-life-brilliant-glow\",\"url\":\"https:\/\/www.surabayaparrucchieri.it\/?product=joico-blonde-life-brilliant-glow\",\"name\":\"JOICO BLONDE LIFE BRILLIANT GLOW - Surabaya parrucchieri Seregno\",\"isPartOf\":{\"@id\":\"https:\/\/www.surabayaparrucchieri.it\/#website\"},\"datePublished\":\"2020-04-17T18:15:45+00:00\",\"dateModified\":\"2022-10-12T14:01:02+00:00\",\"description\":\"Olio illuminante anticrespo\u00a0, rende i capelli biondi pi\u00f9 luminosi che mai , non macchia nemmeno le pi\u00f9 pallide tonalit\u00e0 del biondo\",\"breadcrumb\":{\"@id\":\"https:\/\/www.surabayaparrucchieri.it\/?product=joico-blonde-life-brilliant-glow#breadcrumb\"},\"inLanguage\":\"it-IT\",\"potentialAction\":[{\"@type\":\"ReadAction\",\"target\":[\"https:\/\/www.surabayaparrucchieri.it\/?product=joico-blonde-life-brilliant-glow\"]}]},{\"@type\":\"BreadcrumbList\",\"@id\":\"https:\/\/www.surabayaparrucchieri.it\/?product=joico-blonde-life-brilliant-glow#breadcrumb\",\"itemListElement\":[{\"@type\":\"ListItem\",\"position\":1,\"name\":\"Home\",\"item\":\"https:\/\/www.surabayaparrucchieri.it\/\"},{\"@type\":\"ListItem\",\"position\":2,\"name\":\"Shop\",\"item\":\"https:\/\/www.surabayaparrucchieri.it\/?page_id=768\"},{\"@type\":\"ListItem\",\"position\":3,\"name\":\"JOICO BLONDE LIFE BRILLIANT GLOW\"}]},{\"@type\":\"WebSite\",\"@id\":\"https:\/\/www.surabayaparrucchieri.it\/#website\",\"url\":\"https:\/\/www.surabayaparrucchieri.it\/\",\"name\":\"Surabaya parrucchieri Seregno\",\"description\":\"Professionisti del colore\",\"publisher\":{\"@id\":\"https:\/\/www.surabayaparrucchieri.it\/#organization\"},\"potentialAction\":[{\"@type\":\"SearchAction\",\"target\":{\"@type\":\"EntryPoint\",\"urlTemplate\":\"https:\/\/www.surabayaparrucchieri.it\/?s={search_term_string}\"},\"query-input\":\"required name=search_term_string\"}],\"inLanguage\":\"it-IT\"},{\"@type\":\"Organization\",\"@id\":\"https:\/\/www.surabayaparrucchieri.it\/#organization\",\"name\":\"Surabaya parrucchieri Seregno\",\"url\":\"https:\/\/www.surabayaparrucchieri.it\/\",\"logo\":{\"@type\":\"ImageObject\",\"inLanguage\":\"it-IT\",\"@id\":\"https:\/\/www.surabayaparrucchieri.it\/#\/schema\/logo\/image\/\",\"url\":\"https:\/\/www.surabayaparrucchieri.it\/wp-content\/uploads\/2018\/08\/logo-sito-surabaya-parrucchieri-seregno.jpg\",\"contentUrl\":\"https:\/\/www.surabayaparrucchieri.it\/wp-content\/uploads\/2018\/08\/logo-sito-surabaya-parrucchieri-seregno.jpg\",\"width\":515,\"height\":515,\"caption\":\"Surabaya parrucchieri Seregno\"},\"image\":{\"@id\":\"https:\/\/www.surabayaparrucchieri.it\/#\/schema\/logo\/image\/\"},\"sameAs\":[\"https:\/\/www.facebook.com\/surabayaparrucchieriseregno\/\"]}]}<\/script>\n<!-- \/ Yoast SEO plugin. -->","yoast_head_json":{"title":"JOICO BLONDE LIFE BRILLIANT GLOW - Surabaya parrucchieri Seregno","description":"Olio illuminante anticrespo\u00a0, rende i capelli biondi pi\u00f9 luminosi che mai , non macchia nemmeno le pi\u00f9 pallide tonalit\u00e0 del biondo","robots":{"index":"index","follow":"follow","max-snippet":"max-snippet:-1","max-image-preview":"max-image-preview:large","max-video-preview":"max-video-preview:-1"},"canonical":"https:\/\/www.surabayaparrucchieri.it\/?product=joico-blonde-life-brilliant-glow","og_locale":"it_IT","og_type":"article","og_title":"JOICO BLONDE LIFE BRILLIANT GLOW - Surabaya parrucchieri Seregno","og_description":"Olio illuminante anticrespo\u00a0, rende i capelli biondi pi\u00f9 luminosi che mai , non macchia nemmeno le pi\u00f9 pallide tonalit\u00e0 del biondo","og_url":"https:\/\/www.surabayaparrucchieri.it\/?product=joico-blonde-life-brilliant-glow","og_site_name":"Surabaya parrucchieri Seregno","article_publisher":"https:\/\/www.facebook.com\/surabayaparrucchieriseregno\/","article_modified_time":"2022-10-12T14:01:02+00:00","og_image":[{"width":576,"height":768,"url":"https:\/\/www.surabayaparrucchieri.it\/wp-content\/uploads\/2020\/04\/IMG_2683.jpg","type":"image\/jpeg"}],"twitter_card":"summary_large_image","twitter_misc":{"Tempo di lettura stimato":"1 minuto"},"schema":{"@context":"https:\/\/schema.org","@graph":[{"@type":"WebPage","@id":"https:\/\/www.surabayaparrucchieri.it\/?product=joico-blonde-life-brilliant-glow","url":"https:\/\/www.surabayaparrucchieri.it\/?product=joico-blonde-life-brilliant-glow","name":"JOICO BLONDE LIFE BRILLIANT GLOW - Surabaya parrucchieri Seregno","isPartOf":{"@id":"https:\/\/www.surabayaparrucchieri.it\/#website"},"datePublished":"2020-04-17T18:15:45+00:00","dateModified":"2022-10-12T14:01:02+00:00","description":"Olio illuminante anticrespo\u00a0, rende i capelli biondi pi\u00f9 luminosi che mai , non macchia nemmeno le pi\u00f9 pallide tonalit\u00e0 del biondo","breadcrumb":{"@id":"https:\/\/www.surabayaparrucchieri.it\/?product=joico-blonde-life-brilliant-glow#breadcrumb"},"inLanguage":"it-IT","potentialAction":[{"@type":"ReadAction","target":["https:\/\/www.surabayaparrucchieri.it\/?product=joico-blonde-life-brilliant-glow"]}]},{"@type":"BreadcrumbList","@id":"https:\/\/www.surabayaparrucchieri.it\/?product=joico-blonde-life-brilliant-glow#breadcrumb","itemListElement":[{"@type":"ListItem","position":1,"name":"Home","item":"https:\/\/www.surabayaparrucchieri.it\/"},{"@type":"ListItem","position":2,"name":"Shop","item":"https:\/\/www.surabayaparrucchieri.it\/?page_id=768"},{"@type":"ListItem","position":3,"name":"JOICO BLONDE LIFE BRILLIANT GLOW"}]},{"@type":"WebSite","@id":"https:\/\/www.surabayaparrucchieri.it\/#website","url":"https:\/\/www.surabayaparrucchieri.it\/","name":"Surabaya parrucchieri Seregno","description":"Professionisti del colore","publisher":{"@id":"https:\/\/www.surabayaparrucchieri.it\/#organization"},"potentialAction":[{"@type":"SearchAction","target":{"@type":"EntryPoint","urlTemplate":"https:\/\/www.surabayaparrucchieri.it\/?s={search_term_string}"},"query-input":"required name=search_term_string"}],"inLanguage":"it-IT"},{"@type":"Organization","@id":"https:\/\/www.surabayaparrucchieri.it\/#organization","name":"Surabaya parrucchieri Seregno","url":"https:\/\/www.surabayaparrucchieri.it\/","logo":{"@type":"ImageObject","inLanguage":"it-IT","@id":"https:\/\/www.surabayaparrucchieri.it\/#\/schema\/logo\/image\/","url":"https:\/\/www.surabayaparrucchieri.it\/wp-content\/uploads\/2018\/08\/logo-sito-surabaya-parrucchieri-seregno.jpg","contentUrl":"https:\/\/www.surabayaparrucchieri.it\/wp-content\/uploads\/2018\/08\/logo-sito-surabaya-parrucchieri-seregno.jpg","width":515,"height":515,"caption":"Surabaya parrucchieri Seregno"},"image":{"@id":"https:\/\/www.surabayaparrucchieri.it\/#\/schema\/logo\/image\/"},"sameAs":["https:\/\/www.facebook.com\/surabayaparrucchieriseregno\/"]}]}},"_links":{"self":[{"href":"https:\/\/www.surabayaparrucchieri.it\/index.php?rest_route=\/wp\/v2\/product\/818"}],"collection":[{"href":"https:\/\/www.surabayaparrucchieri.it\/index.php?rest_route=\/wp\/v2\/product"}],"about":[{"href":"https:\/\/www.surabayaparrucchieri.it\/index.php?rest_route=\/wp\/v2\/types\/product"}],"replies":[{"embeddable":true,"href":"https:\/\/www.surabayaparrucchieri.it\/index.php?rest_route=%2Fwp%2Fv2%2Fcomments&post=818"}],"wp:featuredmedia":[{"embeddable":true,"href":"https:\/\/www.surabayaparrucchieri.it\/index.php?rest_route=\/wp\/v2\/media\/819"}],"wp:attachment":[{"href":"https:\/\/www.surabayaparrucchieri.it\/index.php?rest_route=%2Fwp%2Fv2%2Fmedia&parent=818"}],"wp:term":[{"taxonomy":"product_cat","embeddable":true,"href":"https:\/\/www.surabayaparrucchieri.it\/index.php?rest_route=%2Fwp%2Fv2%2Fproduct_cat&post=818"},{"taxonomy":"product_tag","embeddable":true,"href":"https:\/\/www.surabayaparrucchieri.it\/index.php?rest_route=%2Fwp%2Fv2%2Fproduct_tag&post=818"}],"curies":[{"name":"wp","href":"https:\/\/api.w.org\/{rel}","templated":true}]}}